{"id":142,"date":"2022-08-08T15:29:01","date_gmt":"2022-08-08T15:29:01","guid":{"rendered":"https:\/\/testamentos.org\/?page_id=142"},"modified":"2022-08-12T14:15:32","modified_gmt":"2022-08-12T14:15:32","slug":"politica-privacidad","status":"publish","type":"page","link":"https:\/\/testamentos.org\/index.php\/politica-privacidad\/","title":{"rendered":"Pol\u00edtica de privacidad y protecci\u00f3n de datos"},"content":{"rendered":"<p><strong>POL\u00cdTICA DE PRIVACIDAD Y PROTECCI\u00d3N DE DATOS DE TESTAMENTOS.ORG<\/strong><\/p>\n<p>&nbsp;<\/p>\n<ol>\n<li><strong>INTRODUCCI\u00d3N<\/strong><\/li>\n<\/ol>\n<p>&nbsp;<\/p>\n<p>Tras leer y aceptar esta Pol\u00edtica de Privacidad y las Condiciones de Uso de los Servicios de Testamentos.org (en adelante \u201cel sitio web\u201d), usted podr\u00e1 disfrutar de estos Servicios.<\/p>\n<p>&nbsp;<\/p>\n<p>Usted acepta expresamente la Pol\u00edtica de Privacidad de los Servicios del sitio web as\u00ed como su pol\u00edtica de protecci\u00f3n de datos.<\/p>\n<p>&nbsp;<\/p>\n<ol start=\"2\">\n<li><strong>IDENTIFICACI\u00d3N LEGAL<\/strong><\/li>\n<\/ol>\n<p>&nbsp;<\/p>\n<p>Este sitio web cuya URL de acceso en Internet es <a href=\"https:\/\/testamentos.org\">https:\/\/testamentos.org<\/a> (en adelante \u201csitio web\u201d) es propiedad del despacho dirigido por el abogado Don David Fern\u00e1ndez Garc\u00eda, con DNI 12754088J y n\u00famero colegiado ICAM 104099, con domicilio en la calle Naranjo 9 de Madrid (en adelante \u201cel despacho\u201d).<\/p>\n<p>&nbsp;<\/p>\n<ol start=\"3\">\n<li><strong>DEFINICI\u00d3N DE USUARIO Y APLICACI\u00d3N<\/strong><\/li>\n<\/ol>\n<p>&nbsp;<\/p>\n<p>El Usuario ser\u00e1 aquella persona f\u00edsica o jur\u00eddica que acceda y\/o use cualquiera de los Servicios del sitio web por cualquier medio sin necesidad de registrarse.<\/p>\n<p>&nbsp;<\/p>\n<p>La Pol\u00edtica de Privacidad es de aplicaci\u00f3n a la navegaci\u00f3n por el sitio web, la lectura de los contenidos, cualquier clic sobre cualquier enlace del sitio web y el relleno de cualquiera de los formularios del sitio web. Todo ello desde cualquier dispositivo de acceso.<\/p>\n<p>&nbsp;<\/p>\n<ol start=\"4\">\n<li><strong>CUMPLIMIENTO DE LA NORMATIVA<\/strong><\/li>\n<\/ol>\n<p>&nbsp;<\/p>\n<p>Testamentos.org est\u00e1 sometido al cumplimiento de la normativa espa\u00f1ola y europea en materia de protecci\u00f3n de datos y servicios de la sociedad de la informaci\u00f3n. En consecuencia cumplir\u00e1 la legislaci\u00f3n vigente a la que se vea obligado en cualquier materia, incluida la protecci\u00f3n de datos.<\/p>\n<p>&nbsp;<\/p>\n<ol start=\"5\">\n<li><strong>RESPONSABLE DEL TRATAMIENTO<\/strong><\/li>\n<\/ol>\n<p>&nbsp;<\/p>\n<p>Los datos personales recabados a trav\u00e9s del sitio web, ser\u00e1n incorporados un fichero responsabilidad del despacho de abogados dirigido por Don David Fern\u00e1ndez Garc\u00eda con NIF 12754088J y domicilio en la calle Naranjo, 9 de Madrid.<\/p>\n<p>&nbsp;<\/p>\n<ol start=\"6\">\n<li><strong>FINALIDAD DEL TRATAMIENTO DE LOS DATOS PERSONALES<\/strong><\/li>\n<\/ol>\n<p>&nbsp;<\/p>\n<p>Los datos facilitados a trav\u00e9s de los distintos formularios del sitio web ser\u00e1n usados para:<\/p>\n<p>&nbsp;<\/p>\n<ul>\n<li>Establecer un contacto comercial con el cliente para describir los servicios del despacho y negociar su contrataci\u00f3n.<\/li>\n<li>Apertura de un expediente para gestionar los asuntos del cliente<\/li>\n<li>Establecimiento de relaci\u00f3n de cordialidad con el usuario, tal como felicitaci\u00f3n de cumplea\u00f1os, fiestas, etc<\/li>\n<li>Recordatorio de los servicios del despacho<\/li>\n<li>Informaci\u00f3n ofertas puntuales<\/li>\n<li>Informaci\u00f3n de utilidad sobre el campo objeto del despacho para el usuario<\/li>\n<\/ul>\n<p>&nbsp;<\/p>\n<ol start=\"7\">\n<li><strong>DATOS COMPARTIDOS CON TERCEROS<\/strong><\/li>\n<\/ol>\n<p>&nbsp;<\/p>\n<p>En ning\u00fan caso el despacho compartir\u00e1 los datos del usuario con terceros sin su autorizaci\u00f3n previa o una base jur\u00eddica que legitime este tratamiento.<\/p>\n<p>El Usuario podr\u00e1 consultar <a href=\"https:\/\/testamentos.org\/index.php\/politica-de-cookies\/\">la pol\u00edtica de cookies<\/a> en todo momento.<\/p>\n<p>&nbsp;<\/p>\n<ol start=\"8\">\n<li><strong>MENORES DE EDAD<\/strong><\/li>\n<\/ol>\n<p>&nbsp;<\/p>\n<p>Los menores de 14 a\u00f1os podr\u00e1n utilizar los Servicios del Sitio Web preferentemente con consentimiento de sus padres o tutores.<\/p>\n<p>&nbsp;<\/p>\n<ol start=\"9\">\n<li><strong>DERECHOS DE LOS USUARIOS<\/strong><\/li>\n<\/ol>\n<p>&nbsp;<\/p>\n<p>El Usuario podr\u00e1 ejercer los derechos de acceso, rectificaci\u00f3n, supresi\u00f3n, oposici\u00f3n, portabilidad y limitaci\u00f3n, dirigi\u00e9ndose al despacho, a trav\u00e9s de correo postal a la calle Naranjo 9 de Madrid, acreditando su identidad con una copia escaneada de su DNI o documento equivalente, y especificando el derecho que desea ejercer.<\/p>\n<p>&nbsp;<\/p>\n<ol start=\"10\">\n<li><strong>PLAZOS<\/strong><\/li>\n<\/ol>\n<p>&nbsp;<\/p>\n<p>Los datos personales del Usuario ser\u00e1n tratados de forma activa mientras no ejerza su derecho de supresi\u00f3n.<\/p>\n<p>&nbsp;<\/p>\n<p>En caso de ejercer su derecho de supresi\u00f3n, sus datos ser\u00e1n bloqueados y conservados de forma restringida a disposici\u00f3n de las autoridades competentes durante un plazo de 5 a\u00f1os para atender a las posibles responsabilidades nacidas del tratamiento.<\/p>\n<p>&nbsp;<\/p>\n<p>11<strong>. LEGITIMACI\u00d3N<\/strong><\/p>\n<p>&nbsp;<\/p>\n<p>La base jur\u00eddica que legitima los tratamientos indicados es el inter\u00e9s leg\u00edtimo del despacho.<\/p>\n","protected":false},"excerpt":{"rendered":"<p>POL\u00cdTICA DE PRIVACIDAD Y PROTECCI\u00d3N DE DATOS DE TESTAMENTOS.ORG &nbsp; INTRODUCCI\u00d3N &nbsp; Tras leer y aceptar esta Pol\u00edtica de Privacidad y las Condiciones de Uso de los Servicios de Testamentos.org (en adelante \u201cel sitio web\u201d), usted podr\u00e1 disfrutar de estos Servicios. &nbsp; Usted acepta expresamente la Pol\u00edtica de Privacidad de&hellip;<\/p>\n","protected":false},"author":1,"featured_media":0,"parent":0,"menu_order":0,"comment_status":"closed","ping_status":"closed","template":"","meta":{"_monsterinsights_skip_tracking":false,"_monsterinsights_sitenote_active":false,"_monsterinsights_sitenote_note":"","_monsterinsights_sitenote_category":0,"footnotes":""},"class_list":["post-142","page","type-page","status-publish","hentry"],"aioseo_notices":[],"_links":{"self":[{"href":"https:\/\/testamentos.org\/index.php\/wp-json\/wp\/v2\/pages\/142","targetHints":{"allow":["GET"]}}],"collection":[{"href":"https:\/\/testamentos.org\/index.php\/wp-json\/wp\/v2\/pages"}],"about":[{"href":"https:\/\/testamentos.org\/index.php\/wp-json\/wp\/v2\/types\/page"}],"author":[{"embeddable":true,"href":"https:\/\/testamentos.org\/index.php\/wp-json\/wp\/v2\/users\/1"}],"replies":[{"embeddable":true,"href":"https:\/\/testamentos.org\/index.php\/wp-json\/wp\/v2\/comments?post=142"}],"version-history":[{"count":10,"href":"https:\/\/testamentos.org\/index.php\/wp-json\/wp\/v2\/pages\/142\/revisions"}],"predecessor-version":[{"id":152,"href":"https:\/\/testamentos.org\/index.php\/wp-json\/wp\/v2\/pages\/142\/revisions\/152"}],"wp:attachment":[{"href":"https:\/\/testamentos.org\/index.php\/wp-json\/wp\/v2\/media?parent=142"}],"curies":[{"name":"wp","href":"https:\/\/api.w.org\/{rel}","templated":true}]}}