{"id":139,"date":"2022-08-08T15:00:23","date_gmt":"2022-08-08T15:00:23","guid":{"rendered":"https:\/\/testamentos.org\/?page_id=139"},"modified":"2022-08-12T14:39:41","modified_gmt":"2022-08-12T14:39:41","slug":"condiciones-de-uso-y-aviso-legal","status":"publish","type":"page","link":"https:\/\/testamentos.org\/index.php\/condiciones-de-uso-y-aviso-legal\/","title":{"rendered":"Condiciones de uso y aviso legal"},"content":{"rendered":"<p><strong>CONDICIONES DE USO DEL SERVICIO Y CONTENIDO DE TESTAMENTOS.ORG<\/strong><\/p>\n<p><em>Versi\u00f3n de \u00a0fecha 8\/08\/2022<\/em><\/p>\n<p>POR FAVOR LEA LAS SIGUIENTES CONDICIONES DE SERVICIO ANTES DE USAR ESTE SITIO WEB Y SU CONTENIDO.<\/p>\n<p>&nbsp;<\/p>\n<ol>\n<li><strong>IDENTIFICACI\u00d3N<\/strong><\/li>\n<\/ol>\n<p>Este sitio web cuya URL de acceso en Internet es <a href=\"https:\/\/testamentos.org\">https:\/\/testamentos.org<\/a> (en adelante \u201csitio web\u201d) es propiedad del despacho dirigido por el abogado Don David Fern\u00e1ndez Garc\u00eda, con DNI 12754088J y n\u00famero colegiado ICAM 104099, con domicilio en la calle Naranjo 9 de Madrid (en adelante \u201cel despacho\u201d).<\/p>\n<p>&nbsp;<\/p>\n<ol start=\"2\">\n<li><strong>RECONOCIMIENTO Y ACEPTACI\u00d3N DE LAS CONDICIONES DE SERVICIO<\/strong><\/li>\n<\/ol>\n<p>&nbsp;<\/p>\n<p>Estos t\u00e9rminos y condiciones regulan las condiciones de uso del contenido de la p\u00e1gina web \u00abTestamentos.org\u00bb. Asimismo regula las relaciones jur\u00eddicas entre nuestro despacho de abogados y usted en el momento que:<\/p>\n<p>&nbsp;<\/p>\n<p>&#8211; Lee nuestro contenido<\/p>\n<p>&#8211; Rellena el formulario de contacto con sus datos<\/p>\n<p>&#8211; Recibe nuestra llamada<\/p>\n<p>&nbsp;<\/p>\n<p>Usted acepta las condiciones de uso de nuestro contenido en l\u00ednea por el mero hecho de leerlo y navegar por el sitio web.<\/p>\n<p>&nbsp;<\/p>\n<p>Usted acepta las condiciones legales sobre protecci\u00f3n de datos y privacidad por el hecho de rellenar el formulario marcando la aceptaci\u00f3n de las presentes condiciones de uso del servicio de Testamentos.org.<\/p>\n<p>&nbsp;<\/p>\n<p>Usted acepta que nos pongamos en contacto con usted previa su solicitud al facilitarnos sus datos con tal prop\u00f3sito.<\/p>\n<p>&nbsp;<\/p>\n<p>Dado el funcionamiento de Internet, no somos responsables de que terceros usurpen su personalidad, o realicen acciones de acoso, y rellenen el formulario de contacto con sus datos para recibir una llamada informativa. Ante este delito en el que el sitio web solo ser\u00eda mera herramienta, debe ponerlo en conocimiento de las Cuerpos y Fuerzas de seguridad del Estado, de la Fiscal\u00eda o del Juzgado competente.<\/p>\n<p>&nbsp;<\/p>\n<p>Usted no puede acceder nuestros Servicios si es un competidor directo excepto que exista consentimiento expreso previo y por escrito por parte del despacho.<\/p>\n<p>&nbsp;<\/p>\n<ol start=\"3\">\n<li><strong>MODIFICACI\u00d3N DE LOS T\u00c9RMINOS Y CONDICIONES GENERALES<\/strong><\/li>\n<\/ol>\n<p>&nbsp;<\/p>\n<p>Usted puede acceder a la versi\u00f3n actualizada de estos T\u00e9rminos y Condiciones siempre que lo desee en T\u00e9rminos y Condiciones de uso del sitio web.<\/p>\n<p>&nbsp;<\/p>\n<p>El despacho puede, en cualquier momento, modi\ufb01car estos T\u00e9rminos y Condiciones Generales, cuya versi\u00f3n actualizada aparecer\u00e1 publicada en el sitio web teniendo eficacia desde ese momento. El Cliente es responsable de revisar regularmente los T\u00e9rminos y Condiciones Generales. La continuaci\u00f3n en el uso del Servicio constituye la aceptaci\u00f3n de las modi\ufb01caciones introducidas.<\/p>\n<p>&nbsp;<\/p>\n<ol start=\"4\">\n<li><strong>CONTRATACI\u00d3N DE LOS SERVICIOS DEL DESPACHO<\/strong><\/li>\n<\/ol>\n<p>&nbsp;<\/p>\n<p>La contrataci\u00f3n de los servicios del despacho se realizar\u00e1 fuera del sitio web, bien por v\u00eda escrita o t\u00e1cita, por lo que estas condiciones de servicio y uso no regulan ni son referidas a los servicios legales posteriormente contratados tras el contacto derivado de la utilizaci\u00f3n de los datos del formulario del sitio web facilitados por usted.<\/p>\n<p>&nbsp;<\/p>\n<ol start=\"5\">\n<li><strong>PROPIEDAD INTELECTUAL<\/strong><\/li>\n<\/ol>\n<p>&nbsp;<\/p>\n<p>Todos los contenidos del sitio web son propiedad del despacho titular, excepto aquellos insertos en el sitio propiedad de terceros previo acuerdo de uso o libre disposici\u00f3n, que son propiedad de sus respectivos propietarios. En cualquiera de los tres casos, usted no est\u00e1 autorizado a usarlo para fines comerciales y\/o con fin de lucro.<\/p>\n<p>&nbsp;<\/p>\n<p>Los art\u00edculos de terceros, en forma de colaboraci\u00f3n, son propiedad de los respectivos colaboradores.<\/p>\n<p>&nbsp;<\/p>\n<ol start=\"6\">\n<li><strong>NO ASESORAMIENTO JUR\u00cdDICO<\/strong><\/li>\n<\/ol>\n<p>&nbsp;<\/p>\n<p>En ning\u00fan caso se podr\u00e1 considerar que el despacho est\u00e1 ofreciendo asesoramiento jur\u00eddico o empresarial desde el sitio web , o que existe una relaci\u00f3n cliente-abogado o que algunas informaciones proporcionados por el usuario est\u00e9n protegidas por el Secreto profesional.<\/p>\n<p>Esta relaci\u00f3n cliente-abogado solo se establecer\u00e1 tras la contrataci\u00f3n efectiva de los servicios del despacho de forma contractual fuera de l\u00ednea.<\/p>\n<p>&nbsp;<\/p>\n<ol start=\"7\">\n<li><strong>RENUNCIA A FUERO, LEGISLACI\u00d3N y JURISDICI\u00d3N<\/strong><\/li>\n<\/ol>\n<p>&nbsp;<\/p>\n<p>Para dirimir cualquier controversia relacionada con el uso del sitio web, el usuario renuncia a cualquier legislaci\u00f3n que no sea la espa\u00f1ola, someti\u00e9ndose voluntariamente a la jurisdicci\u00f3n de los juzgados y tribunales de Madrid.<\/p>\n<p>&nbsp;<\/p>\n<ol start=\"8\">\n<li><strong>EXENCI\u00d3N DE RESPONSABILIDAD<\/strong><\/li>\n<\/ol>\n<p>&nbsp;<\/p>\n<p>El despacho no es responsable de da\u00f1os y perjuicios derivados de:<\/p>\n<p>&nbsp;<\/p>\n<ul>\n<li>Virus, troyanos y otras formas destructivas de la informaci\u00f3n del usuario de terceros<\/li>\n<li>Mal funcionamiento a causa del servidor web o de la red en general<\/li>\n<li>Ca\u00eddas puntuales del sitio web<\/li>\n<li>Interpretaci\u00f3n err\u00f3nea de los presentes t\u00e9rminos y del contenido del sitio web<\/li>\n<li>Otras circunstancias no derivadas directamente del sitio web.<\/li>\n<li>Robo por parte de terceros de informaci\u00f3n<\/li>\n<\/ul>\n<p>&nbsp;<\/p>\n<p>En cualquiera de estos casos, el despacho realizar\u00e1 las acciones necesarias para paliar \u00a0los da\u00f1os, dentro de sus posibilidades, sin que se derive de ello asunci\u00f3n de responsabilidad alguna.<\/p>\n<p>&nbsp;<\/p>\n<p>&nbsp;<\/p>\n<ol start=\"9\">\n<li><strong>USOS PROHIBIDOS DEL SITIO WEB<\/strong><\/li>\n<\/ol>\n<p>&nbsp;<\/p>\n<p>De forma somera, enunciativa y no limitativa, quedan prohibidas las siguientes acciones:<\/p>\n<p>&nbsp;<\/p>\n<ul>\n<li>Sondear, escanear o examinar la vulnerabilidad de nuestro sistema o red.<\/li>\n<li>Quebrantar o sortear de cualquier otro modo medidas de seguridad o de autenticaci\u00f3n.<\/li>\n<li>Acceder, alterar o utilizar \u00e1reas o partes no p\u00fablicas del Servicio, o bien \u00e1reas compartidas de los Servicios a las que no hayas sido invitado.<\/li>\n<li>Interferir o causar molestias a otros clientes, a hosts o en redes, por ejemplo, con virus, ataques de sobrecarga, denegaci\u00f3n de servicio, spam o env\u00edo masivo de correo a ninguna parte de los Servicios.<\/li>\n<li>Acceder y crear cuentas en los Servicios, o realizar b\u00fasquedas en ellas, mediante medios distintos a las interfaces p\u00fablicas compatibles (por ejemplo, rastreo de datos o \u201cscraping\u00bb, o la creaci\u00f3n de cuentas de forma masiva).<\/li>\n<li>Suplantar la personalidad de terceros usando sus datos en el formulario de contacto.<\/li>\n<\/ul>\n<p>&nbsp;<\/p>\n<p>10.<strong> USO DEL FORMULARIO<\/strong><\/p>\n<p>&nbsp;<\/p>\n<p>Al rellenar con sus datos personales el formulario inserto en el sitio web, usted entiende que ser\u00e1 usado para establecer un contacto telef\u00f3nico o v\u00eda correo electr\u00f3nico para explicarle nuestros servicios y negociar una futura relaci\u00f3n contractual.<\/p>\n<p>Ning\u00fan dato proporcionado ser\u00e1 cedido a terceros.<\/p>\n<p>Estos datos ser\u00e1n usados, junto a los que usted nos proporcione adicionalmente para abrir una ficha de cliente.<\/p>\n<p>El despacho se reserva la opci\u00f3n de no establecer contacto con el usuario que haya proporcionado sus datos. El contacto es un acto voluntario del despacho sin que exista responsabilidad por su ausencia bajo cualquier circunstancia.<\/p>\n<p>Cualquier uso inadecuado del formulario podr\u00e1 ser perseguido por v\u00eda civil o penal.<\/p>\n","protected":false},"excerpt":{"rendered":"<p>CONDICIONES DE USO DEL SERVICIO Y CONTENIDO DE TESTAMENTOS.ORG Versi\u00f3n de \u00a0fecha 8\/08\/2022 POR FAVOR LEA LAS SIGUIENTES CONDICIONES DE SERVICIO ANTES DE USAR ESTE SITIO WEB Y SU CONTENIDO. &nbsp; IDENTIFICACI\u00d3N Este sitio web cuya URL de acceso en Internet es https:\/\/testamentos.org (en adelante \u201csitio web\u201d) es propiedad del&hellip;<\/p>\n","protected":false},"author":1,"featured_media":0,"parent":0,"menu_order":0,"comment_status":"closed","ping_status":"closed","template":"","meta":{"_monsterinsights_skip_tracking":false,"_monsterinsights_sitenote_active":false,"_monsterinsights_sitenote_note":"","_monsterinsights_sitenote_category":0,"footnotes":""},"class_list":["post-139","page","type-page","status-publish","hentry"],"aioseo_notices":[],"_links":{"self":[{"href":"https:\/\/testamentos.org\/index.php\/wp-json\/wp\/v2\/pages\/139","targetHints":{"allow":["GET"]}}],"collection":[{"href":"https:\/\/testamentos.org\/index.php\/wp-json\/wp\/v2\/pages"}],"about":[{"href":"https:\/\/testamentos.org\/index.php\/wp-json\/wp\/v2\/types\/page"}],"author":[{"embeddable":true,"href":"https:\/\/testamentos.org\/index.php\/wp-json\/wp\/v2\/users\/1"}],"replies":[{"embeddable":true,"href":"https:\/\/testamentos.org\/index.php\/wp-json\/wp\/v2\/comments?post=139"}],"version-history":[{"count":6,"href":"https:\/\/testamentos.org\/index.php\/wp-json\/wp\/v2\/pages\/139\/revisions"}],"predecessor-version":[{"id":165,"href":"https:\/\/testamentos.org\/index.php\/wp-json\/wp\/v2\/pages\/139\/revisions\/165"}],"wp:attachment":[{"href":"https:\/\/testamentos.org\/index.php\/wp-json\/wp\/v2\/media?parent=139"}],"curies":[{"name":"wp","href":"https:\/\/api.w.org\/{rel}","templated":true}]}}